{"id":22,"date":"2005-10-05T13:04:33","date_gmt":"2005-10-05T11:04:33","guid":{"rendered":"https:\/\/folin.nu\/blog\/en-telefonintervjuares-bekannelser\/"},"modified":"2009-07-30T20:15:52","modified_gmt":"2009-07-30T18:15:52","slug":"en-telefonintervjuares-bekannelser","status":"publish","type":"page","link":"https:\/\/folin.nu\/blog\/en-telefonintervjuares-bekannelser\/","title":{"rendered":"En telefonintervjuares bek\u00e4nnelser"},"content":{"rendered":"<p>Jag \u00e4r en telefonintervjuare. Just det, det \u00e4r jag som ringer dig n\u00e4r du \u00e4ter, kollar p\u00e5 Alls\u00e5ng p\u00e5 Skansen eller nattar barnen.<\/p>\n<p>H\u00e4r f\u00f6ljer n\u00e5gra r\u00e5d till dig som blir uppringd av mig:<\/p>\n<ol>\n<li>Om du inte vill svara p\u00e5 n\u00e5gra fr\u00e5gor, s\u00e4g det. S\u00e4g inte &#8221;ring n\u00e5n annan dag&#8221; eller &#8221;Jag har inte tid just nu&#8221; om du inte menar det. Annars l\u00e4ggs ditt telefonnummer in i k\u00f6n igen.<\/li>\n<li>Om du \u00e4r med i NIX-Telefon, l\u00e4s p\u00e5 ordentligt vad det inneb\u00e4r.  P\u00e5 <a href=\"http:\/\/www.nix.nu\/Fragor%20och%20svar%20for%20dig%20som%20privatperson\/Vilka_samtal_skall_omfattas\/\">websidan<\/a> f\u00f6r NIX-Telefon kan man l\u00e4sa f\u00f6ljande:<br \/>\n<blockquote><p>[&#8230;] Sp\u00e4rren hindrar s\u00e5ledes inte samtal f\u00f6r enk\u00e4ter, marknadsunders\u00f6kningar, samh\u00e4lls-<br \/>\ninformation, politiska kampanjer, religi\u00f6s upplysning eller liknande. Du kan d\u00e4rf\u00f6r f\u00e5 s\u00e5dana samtal \u00e4ven om Du sp\u00e4rrat Ditt telefonnummer i NIX-Telefon. <\/p><\/blockquote>\n<p>Att raljera \u00f6ver att man minsann \u00e4r med i NIX och att man d\u00e4rf\u00f6r beg\u00e5r ett fel f\u00f6r att man ringer upp \u00e4r allts\u00e5 ingen bra id\u00e9.<\/li>\n<li>Om intervjuaren ber\u00e4ttar hur l\u00e5ng tid intervjun kommer ta utg\u00e5r personen fr\u00e5n att man inte tar flera minuter p\u00e5 sig per fr\u00e5ga, utan att man funderar en kort stund \u00f6ver l\u00e4mpliga alternativ, och inte blir l\u00e5ngrandig \u00f6ver t ex en ja\/nej-fr\u00e5ga.<\/li>\n<li>Om du undrar vem som \u00e4r uppdragsgivare och intervjuaren inte vill ber\u00e4tta det, s\u00e5 beror det med st\u00f6rsta sannolikhet p\u00e5 att projektledaren anser att svaren blir f\u00e4rgade (medvetet eller omedvetet)  av att man som intervjuperson vet vem som har best\u00e4llt unders\u00f6kningen.<\/li>\n<li>Om du inte vill l\u00e4mna ut uppgifter om hush\u00e5llets inkomst: Det \u00e4r offentliga uppgifter som vem som helst kan f\u00e5 tag p\u00e5 via Skatteverket. F\u00f6retagen anv\u00e4nder det bara f\u00f6r att kunna se inkomstrelaterade beteendetendenser.<\/li>\n<li>Sl\u00e4ng inte p\u00e5 luren s\u00e5 fort intervjuaren sagt sitt namn. Det finns flera m\u00f6jliga orsaker till att ett samtal bryts pl\u00f6tsligt; batteriet kan vara slut (mobil eller tr\u00e5dl\u00f6s), luren kan ha lagts p\u00e5 av misstag (m\u00e5nga telefoner har en alltf\u00f6r l\u00e4tt\u00e5tkomlig av\/p\u00e5-knapp), eller s\u00e5 kan det vara tekniskt fel hos den som ringer upp. I dessa fall ringer man ofta upp igen f\u00f6r att s\u00e4kerst\u00e4lla att det inte var just n\u00e5gon av tidigare n\u00e4mnda anledningar till att samtalet br\u00f6ts. D\u00e5 st\u00f6rs du under en l\u00e4ngre tid \u00e4n om du bara s\u00e4ger &#8221;nej tack, jag \u00e4r inte intresserad&#8221;.<\/li>\n<li>Om du sitter och \u00e4ter: Om inte intervjuaren har pratat med dig tidigare, och du ber\u00e4ttat n\u00e4r du brukar \u00e4ta, kan han\/hon om\u00f6jligen veta n\u00e4r just du sitter vid matbordet. Det finns ganska m\u00e5nga m\u00e4nniskor i det h\u00e4r landet, och de flesta \u00e4ter inte samtidigt.<\/li>\n<li>En del unders\u00f6kningsf\u00f6retag (bland annat det jag arbetar f\u00f6r) betalar f\u00f6r vissa typer av unders\u00f6kningar. Det kan till exempel r\u00f6ra sig om provsmakning av l\u00e4sk eller taco-s\u00e5ser, som oftast tar mindre \u00e4n en timme och ger n\u00e5gra hundralappar. F\u00f6r gruppdiskussioner betalas ett par hundra kronor f\u00f6r en timmes diskuterande om ett visst \u00e4mne.<\/li>\n<\/ol>\n<p>Den h\u00e4r listan kommer uppdateras efterhand som jag st\u00f6ter p\u00e5 fler missf\u00f6rst\u00e5nd i den h\u00e4r branschen.<\/p>\n","protected":false},"excerpt":{"rendered":"<p>Jag \u00e4r en telefonintervjuare. Just det, det \u00e4r jag som ringer dig n\u00e4r du \u00e4ter, kollar p\u00e5 Alls\u00e5ng p\u00e5 Skansen eller nattar barnen. H\u00e4r f\u00f6ljer n\u00e5gra r\u00e5d till dig som blir uppringd av mig: Om du inte vill svara p\u00e5 n\u00e5gra fr\u00e5gor, s\u00e4g det. S\u00e4g inte &#8221;ring n\u00e5n annan dag&#8221; eller &#8221;Jag har inte tid &hellip; <a href=\"https:\/\/folin.nu\/blog\/en-telefonintervjuares-bekannelser\/\" class=\"more-link\">Forts\u00e4tt l\u00e4sa <span class=\"screen-reader-text\">En telefonintervjuares bek\u00e4nnelser<\/span> <span class=\"meta-nav\">&rarr;<\/span><\/a><\/p>\n","protected":false},"author":1,"featured_media":0,"parent":0,"menu_order":1,"comment_status":"open","ping_status":"open","template":"","meta":{"footnotes":""},"class_list":["post-22","page","type-page","status-publish","hentry"],"_links":{"self":[{"href":"https:\/\/folin.nu\/blog\/wp-json\/wp\/v2\/pages\/22","targetHints":{"allow":["GET"]}}],"collection":[{"href":"https:\/\/folin.nu\/blog\/wp-json\/wp\/v2\/pages"}],"about":[{"href":"https:\/\/folin.nu\/blog\/wp-json\/wp\/v2\/types\/page"}],"author":[{"embeddable":true,"href":"https:\/\/folin.nu\/blog\/wp-json\/wp\/v2\/users\/1"}],"replies":[{"embeddable":true,"href":"https:\/\/folin.nu\/blog\/wp-json\/wp\/v2\/comments?post=22"}],"version-history":[{"count":1,"href":"https:\/\/folin.nu\/blog\/wp-json\/wp\/v2\/pages\/22\/revisions"}],"predecessor-version":[{"id":695,"href":"https:\/\/folin.nu\/blog\/wp-json\/wp\/v2\/pages\/22\/revisions\/695"}],"wp:attachment":[{"href":"https:\/\/folin.nu\/blog\/wp-json\/wp\/v2\/media?parent=22"}],"curies":[{"name":"wp","href":"https:\/\/api.w.org\/{rel}","templated":true}]}}